{"id":1582,"date":"2018-09-08T18:32:31","date_gmt":"2018-09-08T22:32:31","guid":{"rendered":"http:\/\/dusenza.com\/?post_type=product&#038;p=1582"},"modified":"2024-05-23T16:06:01","modified_gmt":"2024-05-23T20:06:01","slug":"huile-fragrance-diffuseur-arome-rose-ambre","status":"publish","type":"product","link":"https:\/\/www.dusenza.com\/fr\/produit\/huile-fragrance-diffuseur-arome-rose-ambre\/","title":{"rendered":"Fragrance Rose Ambre &#8211; Huile parfum\u00e9e pour diffuseurs"},"content":{"rendered":"<p> Plongez dans le myst\u00e8re et la s\u00e9duction avec l\u2019huile parfum\u00e9e Rose Ambre.<\/p>\n<p>Nos huiles parfum\u00e9es sont id\u00e9ales pour les diffuseurs \u00e0 ultrasons. Seules quelques gouttes dans le r\u00e9servoir d&#8217;eau diffuseront efficacement. Elles sont sp\u00e9cifiquement formul\u00e9es pour les formulations de soins de la peau et des cheveux, et beaucoup conviennent aux savons et aux bougies. Les parfums sont extr\u00eamement riches, complexes et durables. Les huiles parfum\u00e9es sont synth\u00e9tis\u00e9es et ne doivent pas \u00eatre confondues avec les huiles essentielles 100% naturelles utilis\u00e9es en aromath\u00e9rapie.<\/p>\n<p>Veuillez noter que toutes nos huiles de parfum sont sans paraben.<\/p>\n","protected":false},"excerpt":{"rendered":"<p>Laissez-vous captiver par la fragrance Rose Ambre, un m\u00e9lange riche et envo\u00fbtant. Les notes sensuelles de l\u2019ambre combin\u00e9es aux d\u00e9licates nuances de la rose offrent une ambiance romantique.<\/p>\n","protected":false},"featured_media":5612,"comment_status":"closed","ping_status":"closed","template":"","meta":{"_acf_changed":false,"_seopress_robots_primary_cat":"","_seopress_titles_title":"","_seopress_titles_desc":"","_seopress_robots_index":""},"product_brand":[],"product_cat":[225],"product_tag":[],"class_list":{"0":"post-1582","1":"product","2":"type-product","3":"status-publish","4":"has-post-thumbnail","6":"product_cat-huiles-fragrances","8":"first","9":"instock","10":"taxable","11":"shipping-taxable","12":"purchasable","13":"product-type-simple"},"acf":[],"_links":{"self":[{"href":"https:\/\/www.dusenza.com\/fr\/wp-json\/wp\/v2\/product\/1582","targetHints":{"allow":["GET"]}}],"collection":[{"href":"https:\/\/www.dusenza.com\/fr\/wp-json\/wp\/v2\/product"}],"about":[{"href":"https:\/\/www.dusenza.com\/fr\/wp-json\/wp\/v2\/types\/product"}],"replies":[{"embeddable":true,"href":"https:\/\/www.dusenza.com\/fr\/wp-json\/wp\/v2\/comments?post=1582"}],"wp:featuredmedia":[{"embeddable":true,"href":"https:\/\/www.dusenza.com\/fr\/wp-json\/wp\/v2\/media\/5612"}],"wp:attachment":[{"href":"https:\/\/www.dusenza.com\/fr\/wp-json\/wp\/v2\/media?parent=1582"}],"wp:term":[{"taxonomy":"product_brand","embeddable":true,"href":"https:\/\/www.dusenza.com\/fr\/wp-json\/wp\/v2\/product_brand?post=1582"},{"taxonomy":"product_cat","embeddable":true,"href":"https:\/\/www.dusenza.com\/fr\/wp-json\/wp\/v2\/product_cat?post=1582"},{"taxonomy":"product_tag","embeddable":true,"href":"https:\/\/www.dusenza.com\/fr\/wp-json\/wp\/v2\/product_tag?post=1582"}],"curies":[{"name":"wp","href":"https:\/\/api.w.org\/{rel}","templated":true}]}}