{"id":1533,"date":"2018-09-08T17:09:42","date_gmt":"2018-09-08T21:09:42","guid":{"rendered":"http:\/\/dusenza.com\/?post_type=product&#038;p=1533"},"modified":"2025-04-12T12:33:28","modified_gmt":"2025-04-12T16:33:28","slug":"huile-fragrance-diffuseur-arome-jardin-sauvage","status":"publish","type":"product","link":"https:\/\/www.dusenza.com\/fr\/produit\/huile-fragrance-diffuseur-arome-jardin-sauvage\/","title":{"rendered":"Fragrance Jardin Sauvage &#8211; Huile parfum\u00e9e pour diffuseurs"},"content":{"rendered":"<p>L\u2019huile parfum\u00e9e Jardin Sauvage propose un parfum riche avec des notes florales et bois\u00e9es apaisantes.<\/p>\n<p>Nos huiles parfum\u00e9es sont id\u00e9ales pour les diffuseurs \u00e0 ultrasons. Seules quelques gouttes dans le r\u00e9servoir d&#8217;eau diffuseront efficacement. Elles sont sp\u00e9cifiquement formul\u00e9es pour les formulations de soins de la peau et des cheveux, et beaucoup conviennent aux savons et aux bougies. Les parfums sont extr\u00eamement riches, complexes et durables. Les huiles parfum\u00e9es sont synth\u00e9tis\u00e9es et ne doivent pas \u00eatre confondues avec les huiles essentielles 100% naturelles utilis\u00e9es en aromath\u00e9rapie.<\/p>\n<p>Veuillez noter que toutes nos huiles de parfum sont sans paraben.<\/p>\n","protected":false},"excerpt":{"rendered":"<p>Laissez-vous transporter par les notes florales et bois\u00e9es de la fragrance Jardin Sauvage. Cr\u00e9ez une ambiance apaisante et revitalisante dans votre espace de vie ou de travail.<\/p>\n","protected":false},"featured_media":43801,"comment_status":"closed","ping_status":"closed","template":"","meta":{"_acf_changed":false,"_seopress_robots_primary_cat":"none","_seopress_titles_title":"","_seopress_titles_desc":"","_seopress_robots_index":""},"product_brand":[],"product_cat":[225],"product_tag":[],"class_list":{"0":"post-1533","1":"product","2":"type-product","3":"status-publish","4":"has-post-thumbnail","6":"product_cat-huiles-fragrances","8":"first","9":"instock","10":"taxable","11":"shipping-taxable","12":"purchasable","13":"product-type-simple"},"acf":[],"_links":{"self":[{"href":"https:\/\/www.dusenza.com\/fr\/wp-json\/wp\/v2\/product\/1533","targetHints":{"allow":["GET"]}}],"collection":[{"href":"https:\/\/www.dusenza.com\/fr\/wp-json\/wp\/v2\/product"}],"about":[{"href":"https:\/\/www.dusenza.com\/fr\/wp-json\/wp\/v2\/types\/product"}],"replies":[{"embeddable":true,"href":"https:\/\/www.dusenza.com\/fr\/wp-json\/wp\/v2\/comments?post=1533"}],"wp:featuredmedia":[{"embeddable":true,"href":"https:\/\/www.dusenza.com\/fr\/wp-json\/wp\/v2\/media\/43801"}],"wp:attachment":[{"href":"https:\/\/www.dusenza.com\/fr\/wp-json\/wp\/v2\/media?parent=1533"}],"wp:term":[{"taxonomy":"product_brand","embeddable":true,"href":"https:\/\/www.dusenza.com\/fr\/wp-json\/wp\/v2\/product_brand?post=1533"},{"taxonomy":"product_cat","embeddable":true,"href":"https:\/\/www.dusenza.com\/fr\/wp-json\/wp\/v2\/product_cat?post=1533"},{"taxonomy":"product_tag","embeddable":true,"href":"https:\/\/www.dusenza.com\/fr\/wp-json\/wp\/v2\/product_tag?post=1533"}],"curies":[{"name":"wp","href":"https:\/\/api.w.org\/{rel}","templated":true}]}}