{"id":1529,"date":"2018-09-08T17:07:14","date_gmt":"2018-09-08T21:07:14","guid":{"rendered":"http:\/\/dusenza.com\/?post_type=product&#038;p=1529"},"modified":"2025-03-03T14:03:21","modified_gmt":"2025-03-03T19:03:21","slug":"huile-fragrance-diffuseur-arome-gardenia","status":"publish","type":"product","link":"https:\/\/www.dusenza.com\/fr\/produit\/huile-fragrance-diffuseur-arome-gardenia\/","title":{"rendered":"Gardenia &#8211; Huile parfum\u00e9e pour diffuseurs"},"content":{"rendered":"<p> L\u2019huile parfum\u00e9e Gardenia est la fragrance id\u00e9ale pour cr\u00e9er une ambiance aussi apaisante que luxueuse.<\/p>\n<p>Nos huiles parfum\u00e9es sont id\u00e9ales pour les diffuseurs \u00e0 ultrasons. Seules quelques gouttes dans le r\u00e9servoir d&#8217;eau diffuseront efficacement. Elles sont sp\u00e9cifiquement formul\u00e9es pour les formulations de soins de la peau et des cheveux, et beaucoup conviennent aux savons et aux bougies. Les parfums sont extr\u00eamement riches, complexes et durables. Les huiles parfum\u00e9es sont synth\u00e9tis\u00e9es et ne doivent pas \u00eatre confondues avec les huiles essentielles 100% naturelles utilis\u00e9es en aromath\u00e9rapie.<\/p>\n<p>Veuillez noter que toutes nos huiles de parfum sont sans paraben.<\/p>\n","protected":false},"excerpt":{"rendered":"<p>La fragrance Gardenia offre un parfum intense et sophistiqu\u00e9 m\u00e9langeant des notes \u00e9pic\u00e9es et zest\u00e9es envo\u00fbtantes. Cette complexit\u00e9 aromatique cr\u00e9e une ambiance \u00e0 la fois relaxante et exaltante.<\/p>\n","protected":false},"featured_media":5590,"comment_status":"closed","ping_status":"closed","template":"","meta":{"_acf_changed":false,"_seopress_robots_primary_cat":"","_seopress_titles_title":"","_seopress_titles_desc":"","_seopress_robots_index":""},"product_brand":[],"product_cat":[225],"product_tag":[],"class_list":{"0":"post-1529","1":"product","2":"type-product","3":"status-publish","4":"has-post-thumbnail","6":"product_cat-huiles-fragrances","8":"first","9":"instock","10":"taxable","11":"shipping-taxable","12":"purchasable","13":"product-type-simple"},"acf":[],"_links":{"self":[{"href":"https:\/\/www.dusenza.com\/fr\/wp-json\/wp\/v2\/product\/1529","targetHints":{"allow":["GET"]}}],"collection":[{"href":"https:\/\/www.dusenza.com\/fr\/wp-json\/wp\/v2\/product"}],"about":[{"href":"https:\/\/www.dusenza.com\/fr\/wp-json\/wp\/v2\/types\/product"}],"replies":[{"embeddable":true,"href":"https:\/\/www.dusenza.com\/fr\/wp-json\/wp\/v2\/comments?post=1529"}],"wp:featuredmedia":[{"embeddable":true,"href":"https:\/\/www.dusenza.com\/fr\/wp-json\/wp\/v2\/media\/5590"}],"wp:attachment":[{"href":"https:\/\/www.dusenza.com\/fr\/wp-json\/wp\/v2\/media?parent=1529"}],"wp:term":[{"taxonomy":"product_brand","embeddable":true,"href":"https:\/\/www.dusenza.com\/fr\/wp-json\/wp\/v2\/product_brand?post=1529"},{"taxonomy":"product_cat","embeddable":true,"href":"https:\/\/www.dusenza.com\/fr\/wp-json\/wp\/v2\/product_cat?post=1529"},{"taxonomy":"product_tag","embeddable":true,"href":"https:\/\/www.dusenza.com\/fr\/wp-json\/wp\/v2\/product_tag?post=1529"}],"curies":[{"name":"wp","href":"https:\/\/api.w.org\/{rel}","templated":true}]}}