{"id":1411,"date":"2018-09-07T20:04:58","date_gmt":"2018-09-08T00:04:58","guid":{"rendered":"http:\/\/dusenza.com\/?post_type=product&#038;p=1411"},"modified":"2024-05-28T14:06:08","modified_gmt":"2024-05-28T18:06:08","slug":"naturel-patte-protection-animal-peau-apaisant-baume","status":"publish","type":"product","link":"https:\/\/www.dusenza.com\/fr\/produit\/naturel-patte-protection-animal-peau-apaisant-baume\/","title":{"rendered":"Skin-Magik &#8211; Baume apaisant pour animaux"},"content":{"rendered":"<p>Skin-Magik est un baume apaisant con\u00e7u pour les animaux. Sa formulation sans parab\u00e8nes, colorants artificiels, ni conservateurs synth\u00e9tiques assure une application s\u00fbre et douce pouvant \u00eatre utilis\u00e9e pour les animaux et les humains.<\/p>\n<p>Instructions : Appliquer directement sur la peau irrit\u00e9e. Utilisez Skin-Magik au besoin pour soulager les points chauds (hotspot), les br\u00fblures, les piq\u00fbres d\u2019insectes ou autres \u00e9ruptions cutan\u00e9es. Ce produit est \u00e9galement efficace pour apaiser les irritations de la peau dues \u00e0 des allergies. Si le probl\u00e8me persiste, consultez un v\u00e9t\u00e9rinaire pour votre animal de compagnie. <\/p>\n<p>Ingr\u00e9dients : Huile d\u2019\u00e9meu, huile de noix de coco, cire d\u2019abeille, huile de p\u00e9pins de raisins, huile d\u2019avocat, beurre de karit\u00e9, huile de ricin, huile de Neem, Propolis et tocoph\u00e9rol (vitamine E). <\/p>\n","protected":false},"excerpt":{"rendered":"<p>Soulagez la peau irrit\u00e9e de vos animaux de compagnie avec Skin-Magik, un baume naturel enrichi en huiles et beurres v\u00e9g\u00e9taux. Skin Magik offre un soulagement rapide des d\u00e9mangeaisons, des br\u00fblures et des piq\u00fbres d\u2019insectes, tout en \u00e9tant s\u00e9curitaire pour une utilisation humaine.<\/p>\n","protected":false},"featured_media":5634,"comment_status":"closed","ping_status":"closed","template":"","meta":{"_acf_changed":false,"_seopress_robots_primary_cat":"","_seopress_titles_title":"","_seopress_titles_desc":"","_seopress_robots_index":""},"product_brand":[],"product_cat":[192],"product_tag":[],"class_list":{"0":"post-1411","1":"product","2":"type-product","3":"status-publish","4":"has-post-thumbnail","6":"product_cat-animaux","8":"first","9":"instock","10":"taxable","11":"shipping-taxable","12":"purchasable","13":"product-type-simple"},"acf":[],"_links":{"self":[{"href":"https:\/\/www.dusenza.com\/fr\/wp-json\/wp\/v2\/product\/1411","targetHints":{"allow":["GET"]}}],"collection":[{"href":"https:\/\/www.dusenza.com\/fr\/wp-json\/wp\/v2\/product"}],"about":[{"href":"https:\/\/www.dusenza.com\/fr\/wp-json\/wp\/v2\/types\/product"}],"replies":[{"embeddable":true,"href":"https:\/\/www.dusenza.com\/fr\/wp-json\/wp\/v2\/comments?post=1411"}],"wp:featuredmedia":[{"embeddable":true,"href":"https:\/\/www.dusenza.com\/fr\/wp-json\/wp\/v2\/media\/5634"}],"wp:attachment":[{"href":"https:\/\/www.dusenza.com\/fr\/wp-json\/wp\/v2\/media?parent=1411"}],"wp:term":[{"taxonomy":"product_brand","embeddable":true,"href":"https:\/\/www.dusenza.com\/fr\/wp-json\/wp\/v2\/product_brand?post=1411"},{"taxonomy":"product_cat","embeddable":true,"href":"https:\/\/www.dusenza.com\/fr\/wp-json\/wp\/v2\/product_cat?post=1411"},{"taxonomy":"product_tag","embeddable":true,"href":"https:\/\/www.dusenza.com\/fr\/wp-json\/wp\/v2\/product_tag?post=1411"}],"curies":[{"name":"wp","href":"https:\/\/api.w.org\/{rel}","templated":true}]}}