{"id":1398,"date":"2018-09-02T10:59:44","date_gmt":"2018-09-02T14:59:44","guid":{"rendered":"http:\/\/dusenza.com\/product\/baume-levres-huile-emeu\/"},"modified":"2024-05-20T23:08:13","modified_gmt":"2024-05-21T03:08:13","slug":"baume-levres-huile-emeu-hydratant-organique-naturel","status":"publish","type":"product","link":"https:\/\/www.dusenza.com\/fr\/produit\/baume-levres-huile-emeu-hydratant-organique-naturel\/","title":{"rendered":"Baume \u00e0 l\u00e8vres \u00e0 l&#8217;huile d&#8217;\u00e9meu"},"content":{"rendered":"<p>Le baume \u00e0 l\u00e8vres \u00e0 l&#8217;huile d&#8217;\u00e9meu est reconnu pour ses propri\u00e9t\u00e9s hydratantes et anti-inflammatoires. Riche en acides gras essentiels, ce baume est con\u00e7u pour apaiser et r\u00e9parer les l\u00e8vres sensibles ou gerc\u00e9es. <\/p>\n<p>Ce baume hydratant et r\u00e9parateur agit efficacement pour soulager et gu\u00e9rir les cicatrices et autres probl\u00e8mes cutan\u00e9s caus\u00e9s par l&#8217;ecz\u00e9ma et le psoriasis. Il est \u00e9galement efficace pour soulager les br\u00fblures et les picotements caus\u00e9s par des piq\u00fbres d&#8217;insectes et les allergies. Il redonne \u00e0 la peau son \u00e9lasticit\u00e9 et aide \u00e0 r\u00e9duire les inflammations. <\/p>\n<p> Pour de meilleurs r\u00e9sultats, appliquez r\u00e9guli\u00e8rement sur les l\u00e8vres ou zones du visage. <\/p>\n","protected":false},"excerpt":{"rendered":"<p>\u00c0 la recherche d&#8217;une solution naturelle et efficace pour prendre soin de vos l\u00e8vres? Riche en acides gras essentiels, le baume \u00e0 l\u00e8vres \u00e0 l\u2019huile d\u2019\u00e9meu offre une hydratation profonde en plus de prot\u00e9ger vos l\u00e8vres.<\/p>\n","protected":false},"featured_media":5866,"comment_status":"closed","ping_status":"closed","template":"","meta":{"_acf_changed":false,"_seopress_robots_primary_cat":"","_seopress_titles_title":"","_seopress_titles_desc":"","_seopress_robots_index":""},"product_brand":[],"product_cat":[203,223,194],"product_tag":[],"class_list":{"0":"post-1398","1":"product","2":"type-product","3":"status-publish","4":"has-post-thumbnail","6":"product_cat-baume-a-levres","7":"product_cat-produits-emeu","8":"product_cat-soins-du-corps","10":"first","11":"instock","12":"taxable","13":"shipping-taxable","14":"purchasable","15":"product-type-simple"},"acf":[],"_links":{"self":[{"href":"https:\/\/www.dusenza.com\/fr\/wp-json\/wp\/v2\/product\/1398","targetHints":{"allow":["GET"]}}],"collection":[{"href":"https:\/\/www.dusenza.com\/fr\/wp-json\/wp\/v2\/product"}],"about":[{"href":"https:\/\/www.dusenza.com\/fr\/wp-json\/wp\/v2\/types\/product"}],"replies":[{"embeddable":true,"href":"https:\/\/www.dusenza.com\/fr\/wp-json\/wp\/v2\/comments?post=1398"}],"wp:featuredmedia":[{"embeddable":true,"href":"https:\/\/www.dusenza.com\/fr\/wp-json\/wp\/v2\/media\/5866"}],"wp:attachment":[{"href":"https:\/\/www.dusenza.com\/fr\/wp-json\/wp\/v2\/media?parent=1398"}],"wp:term":[{"taxonomy":"product_brand","embeddable":true,"href":"https:\/\/www.dusenza.com\/fr\/wp-json\/wp\/v2\/product_brand?post=1398"},{"taxonomy":"product_cat","embeddable":true,"href":"https:\/\/www.dusenza.com\/fr\/wp-json\/wp\/v2\/product_cat?post=1398"},{"taxonomy":"product_tag","embeddable":true,"href":"https:\/\/www.dusenza.com\/fr\/wp-json\/wp\/v2\/product_tag?post=1398"}],"curies":[{"name":"wp","href":"https:\/\/api.w.org\/{rel}","templated":true}]}}