{"id":1397,"date":"2018-09-02T11:03:04","date_gmt":"2018-09-02T15:03:04","guid":{"rendered":"http:\/\/dusenza.com\/product\/baume-a-levres-au-beurre-de-cacao\/"},"modified":"2024-05-20T23:08:13","modified_gmt":"2024-05-21T03:08:13","slug":"baume-levre-beurre-cacao-hydratant-organique-naturel","status":"publish","type":"product","link":"https:\/\/www.dusenza.com\/fr\/produit\/baume-levre-beurre-cacao-hydratant-organique-naturel\/","title":{"rendered":"Baume \u00e0 l\u00e8vres au beurre de cacao"},"content":{"rendered":"<p>D\u00e9couvrez le baume \u00e0 l\u00e8vres au beurre de cacao. Ce produit 100% naturel fabriqu\u00e9 au Canada est con\u00e7u pour nourrit et prot\u00e9ger vos l\u00e8vres. <\/p>\n<p>Ingr\u00e9dients: <\/p>\n<ul>\n<li> Huile de noix de coco (Cocos Nucifera) <\/li>\n<li>Cire d\u2019abeille du Canada <\/li>\n<li> Huile de jojoba (Simmondsia Chinensis) <\/li>\n<li> Huile d\u2019avocat (Persea Americana) <\/li>\n<li> Huile de ricin (Ricinus Communis) <\/li>\n<li> Beurre de cacao <\/li>\n<li> Vitamine E <\/li>\n<\/ul>\n<p>Sans fragrance, paraben, ou autres ingr\u00e9dients d\u00e9shydratant.<\/p>\n<p>Conseils d\u2019utilisation: Appliquez g\u00e9n\u00e9reusement sur les l\u00e8vres aussi souvent que n\u00e9cessaire, particuli\u00e8rement dans les conditions climatiques s\u00e8ches ou froides. Ce baume peut \u00e9galement \u00eatre utilis\u00e9 pour le contour des yeux, les br\u00fblures mineures, les piq\u00fbres d&#8217;insectes et les cuticules des ongles. Son utilisation r\u00e9guli\u00e8re peut aider \u00e0 diminuer les inconforts caus\u00e9s par l&#8217;ecz\u00e9ma.<\/p>\n","protected":false},"excerpt":{"rendered":"<p>Fabriqu\u00e9 au Canada et 100% naturel, le baume \u00e0 l\u00e8vres au beurre de cacao offre une hydratation profonde. Il combine les huiles nourrissantes de noix de coco, jojoba, avocat, et ricin avec le beurre de cacao et la vitamine E pour nourrir, hydrater et prot\u00e9ger vos l\u00e8vres.<\/p>\n","protected":false},"featured_media":5862,"comment_status":"closed","ping_status":"closed","template":"","meta":{"_acf_changed":false,"_seopress_robots_primary_cat":"","_seopress_titles_title":"","_seopress_titles_desc":"","_seopress_robots_index":""},"product_brand":[],"product_cat":[203,194],"product_tag":[],"class_list":{"0":"post-1397","1":"product","2":"type-product","3":"status-publish","4":"has-post-thumbnail","6":"product_cat-baume-a-levres","7":"product_cat-soins-du-corps","9":"first","10":"instock","11":"taxable","12":"shipping-taxable","13":"purchasable","14":"product-type-simple"},"acf":[],"_links":{"self":[{"href":"https:\/\/www.dusenza.com\/fr\/wp-json\/wp\/v2\/product\/1397","targetHints":{"allow":["GET"]}}],"collection":[{"href":"https:\/\/www.dusenza.com\/fr\/wp-json\/wp\/v2\/product"}],"about":[{"href":"https:\/\/www.dusenza.com\/fr\/wp-json\/wp\/v2\/types\/product"}],"replies":[{"embeddable":true,"href":"https:\/\/www.dusenza.com\/fr\/wp-json\/wp\/v2\/comments?post=1397"}],"wp:featuredmedia":[{"embeddable":true,"href":"https:\/\/www.dusenza.com\/fr\/wp-json\/wp\/v2\/media\/5862"}],"wp:attachment":[{"href":"https:\/\/www.dusenza.com\/fr\/wp-json\/wp\/v2\/media?parent=1397"}],"wp:term":[{"taxonomy":"product_brand","embeddable":true,"href":"https:\/\/www.dusenza.com\/fr\/wp-json\/wp\/v2\/product_brand?post=1397"},{"taxonomy":"product_cat","embeddable":true,"href":"https:\/\/www.dusenza.com\/fr\/wp-json\/wp\/v2\/product_cat?post=1397"},{"taxonomy":"product_tag","embeddable":true,"href":"https:\/\/www.dusenza.com\/fr\/wp-json\/wp\/v2\/product_tag?post=1397"}],"curies":[{"name":"wp","href":"https:\/\/api.w.org\/{rel}","templated":true}]}}