{"id":1376,"date":"2016-05-29T14:36:30","date_gmt":"2016-05-29T18:36:30","guid":{"rendered":"http:\/\/dusenza.com\/product\/baume-pour-museau-sec-2\/"},"modified":"2024-05-20T23:08:14","modified_gmt":"2024-05-21T03:08:14","slug":"baume-museau-sec-naturel-protection-huile-emeu","status":"publish","type":"product","link":"https:\/\/www.dusenza.com\/fr\/produit\/baume-museau-sec-naturel-protection-huile-emeu\/","title":{"rendered":"Baume pour museau sec \u00e0 l&#8217;huile d&#8217;\u00e9meu et vitamine E"},"content":{"rendered":"<p>D\u00e9couvrez le baume pour museaux secs pour prendre soin du museau de votre fid\u00e8le compagnon. Ce produit naturel est con\u00e7u pour apporter confort et hydratation aux museaux des chiens qui peuvent souffrir de s\u00e9cheresse ou d\u2019irritations.<\/p>\n<p>Ingr\u00e9dients :<\/p>\n<ul>\n<li> Huile d&#8217;\u00e9meu <\/li>\n<li> Cire d\u2019abeille du Canada <\/li>\n<li> Huile de jojoba (Simmondsia Chinensis) <\/li>\n<li> Cire d&#8217;abeille <\/li>\n<li> Huile d\u2019avocat (Persea Americana) <\/li>\n<li> Huile de ricin (Ricinus Communis) <\/li>\n<li> Beurre de karit\u00e9 <\/li>\n<li> Vitamine E (ocopherol) <\/li>\n<\/ul>\n<p>Instructions:  Appliquer directement sur le museau de votre chien et sur ses l\u00e8vres au besoin. Les chiens plus \u00e2g\u00e9s peuvent avoir le museau plus sec ou irrit\u00e9. Certaines allergies peuvent \u00e9galement ass\u00e9cher le museau et les l\u00e8vres. <\/p>\n","protected":false},"excerpt":{"rendered":"<p>Le baume pour museaux secs \u00e0 l\u2019huile d\u2019\u00e9meu et Vitamine E est sp\u00e9cialement formul\u00e9 pour hydrater et apaiser les museaux secs ou irrit\u00e9s. Naturel \u00e0 100%, ce baume combine des ingr\u00e9dients nourrissants et r\u00e9parateurs comme l&#8217;huile de jojoba, le beurre de karit\u00e9, et la vitamine E.<\/p>\n","protected":false},"featured_media":5834,"comment_status":"closed","ping_status":"closed","template":"","meta":{"_acf_changed":false,"_seopress_robots_primary_cat":"","_seopress_titles_title":"","_seopress_titles_desc":"","_seopress_robots_index":""},"product_brand":[],"product_cat":[192],"product_tag":[],"class_list":{"0":"post-1376","1":"product","2":"type-product","3":"status-publish","4":"has-post-thumbnail","6":"product_cat-animaux","8":"first","9":"instock","10":"taxable","11":"shipping-taxable","12":"purchasable","13":"product-type-simple"},"acf":[],"_links":{"self":[{"href":"https:\/\/www.dusenza.com\/fr\/wp-json\/wp\/v2\/product\/1376","targetHints":{"allow":["GET"]}}],"collection":[{"href":"https:\/\/www.dusenza.com\/fr\/wp-json\/wp\/v2\/product"}],"about":[{"href":"https:\/\/www.dusenza.com\/fr\/wp-json\/wp\/v2\/types\/product"}],"replies":[{"embeddable":true,"href":"https:\/\/www.dusenza.com\/fr\/wp-json\/wp\/v2\/comments?post=1376"}],"wp:featuredmedia":[{"embeddable":true,"href":"https:\/\/www.dusenza.com\/fr\/wp-json\/wp\/v2\/media\/5834"}],"wp:attachment":[{"href":"https:\/\/www.dusenza.com\/fr\/wp-json\/wp\/v2\/media?parent=1376"}],"wp:term":[{"taxonomy":"product_brand","embeddable":true,"href":"https:\/\/www.dusenza.com\/fr\/wp-json\/wp\/v2\/product_brand?post=1376"},{"taxonomy":"product_cat","embeddable":true,"href":"https:\/\/www.dusenza.com\/fr\/wp-json\/wp\/v2\/product_cat?post=1376"},{"taxonomy":"product_tag","embeddable":true,"href":"https:\/\/www.dusenza.com\/fr\/wp-json\/wp\/v2\/product_tag?post=1376"}],"curies":[{"name":"wp","href":"https:\/\/api.w.org\/{rel}","templated":true}]}}