{"id":1322,"date":"2018-09-02T10:55:05","date_gmt":"2018-09-02T14:55:05","guid":{"rendered":"http:\/\/dusenza.com\/product\/bio-shea-butter-lip-balm\/"},"modified":"2024-05-20T23:08:14","modified_gmt":"2024-05-21T03:08:14","slug":"baume-levres-beurre-karite-bio-hydratant-organique-naturel","status":"publish","type":"product","link":"https:\/\/www.dusenza.com\/fr\/produit\/baume-levres-beurre-karite-bio-hydratant-organique-naturel\/","title":{"rendered":"Baume \u00e0 l\u00e8vres au beurre de karit\u00e9"},"content":{"rendered":"<p> D\u00e9couvrez le Baume \u00e0 L\u00e8vres au Beurre de Karit\u00e9 hydratant. Fabriqu\u00e9 uniquement d\u2019ingr\u00e9dients naturels, ce produit hydrate et soulage les l\u00e8vres gerc\u00e9es ou sensibles.<\/p>\n<p>100% naturel, ne contient pas de fragrance, paraben ou des ingr\u00e9dients d\u00e9shydratants.<\/p>\n<p> Conseils d\u2019utilisation : Appliquez le baume \u00e0 l\u00e8vres au beurre de karit\u00e9 g\u00e9n\u00e9reusement sur vos l\u00e8vres pour les garder hydrat\u00e9es, douces et lisses. Utilisez-le comme base protectrice avant d\u2019appliquer votre rouge \u00e0 l\u00e8vres pr\u00e9f\u00e9r\u00e9. <\/p>\n","protected":false},"excerpt":{"rendered":"<p>Le baume \u00e0 l\u00e8vres au beurre de karit\u00e9 p\u00e9n\u00e8tre rapidement pour soulager les l\u00e8vres gerc\u00e9es ou sensibles. Un produit 100% naturel pour des l\u00e8vres visiblement plus douces et lisses!<\/p>\n","protected":false},"featured_media":5874,"comment_status":"closed","ping_status":"closed","template":"","meta":{"_acf_changed":false,"_seopress_robots_primary_cat":"","_seopress_titles_title":"","_seopress_titles_desc":"","_seopress_robots_index":""},"product_brand":[],"product_cat":[203,194],"product_tag":[],"class_list":{"0":"post-1322","1":"product","2":"type-product","3":"status-publish","4":"has-post-thumbnail","6":"product_cat-baume-a-levres","7":"product_cat-soins-du-corps","9":"first","10":"outofstock","11":"taxable","12":"shipping-taxable","13":"purchasable","14":"product-type-simple"},"acf":[],"_links":{"self":[{"href":"https:\/\/www.dusenza.com\/fr\/wp-json\/wp\/v2\/product\/1322","targetHints":{"allow":["GET"]}}],"collection":[{"href":"https:\/\/www.dusenza.com\/fr\/wp-json\/wp\/v2\/product"}],"about":[{"href":"https:\/\/www.dusenza.com\/fr\/wp-json\/wp\/v2\/types\/product"}],"replies":[{"embeddable":true,"href":"https:\/\/www.dusenza.com\/fr\/wp-json\/wp\/v2\/comments?post=1322"}],"wp:featuredmedia":[{"embeddable":true,"href":"https:\/\/www.dusenza.com\/fr\/wp-json\/wp\/v2\/media\/5874"}],"wp:attachment":[{"href":"https:\/\/www.dusenza.com\/fr\/wp-json\/wp\/v2\/media?parent=1322"}],"wp:term":[{"taxonomy":"product_brand","embeddable":true,"href":"https:\/\/www.dusenza.com\/fr\/wp-json\/wp\/v2\/product_brand?post=1322"},{"taxonomy":"product_cat","embeddable":true,"href":"https:\/\/www.dusenza.com\/fr\/wp-json\/wp\/v2\/product_cat?post=1322"},{"taxonomy":"product_tag","embeddable":true,"href":"https:\/\/www.dusenza.com\/fr\/wp-json\/wp\/v2\/product_tag?post=1322"}],"curies":[{"name":"wp","href":"https:\/\/api.w.org\/{rel}","templated":true}]}}