{"id":1317,"date":"2015-12-17T21:32:49","date_gmt":"2015-12-17T20:32:49","guid":{"rendered":"http:\/\/dusenza.com\/product\/produitnouveau\/"},"modified":"2025-11-03T19:14:40","modified_gmt":"2025-11-04T00:14:40","slug":"beurre-karite-bio-organique-vierge","status":"publish","type":"product","link":"https:\/\/www.dusenza.com\/fr\/produit\/beurre-karite-bio-organique-vierge\/","title":{"rendered":"Beurre de karit\u00e9 organique"},"content":{"rendered":"<p>Notre beurre de karit\u00e9 est issu du commerce \u00e9quitable et est fabriqu\u00e9 par des coop\u00e9ratives de femmes en Afrique de l\u2019Ouest.<\/p>\n<p>Le beurre de karit\u00e9 est un produit efficace aux vertus exceptionnelles pour toute la famille. Il r\u00e9sout de nombreux probl\u00e8mes de peau et peut \u00eatre utilis\u00e9 pour les b\u00e9b\u00e9s, les femmes enceintes, les adultes et les personnes \u00e2g\u00e9es. Il n\u2019y a contre-indication ou effets secondaires.<\/p>\n<p>Le beurre de karit\u00e9 prot\u00e8ge le corps en hiver et en \u00e9t\u00e9: il prot\u00e8ge le visage, les mains, les l\u00e8vres, les cheveux, les pieds des effets de l\u2019environnement (vent, froid, soleil).<\/p>\n<p>Le beurre de karit\u00e9 a de puissants pouvoirs r\u00e9g\u00e9n\u00e9rateurs et r\u00e9parateurs de la peau avec les vitamines A, D, E et F qu\u2019il contient naturellement.<\/p>\n<p>Le beurre de karit\u00e9 apaise, prot\u00e8ge, nourrit et adoucit la peau, ce qui aide \u00e0 garder une peau d\u2019apparence jeune et saine. Il combat les rides, la s\u00e9cheresse. Il est largement utilis\u00e9 en Afrique pour les massages corporels.<\/p>\n<p>Le beurre de karit\u00e9 est recommand\u00e9 pour:<\/p>\n<ul>\n<li style=\"list-style-type: none;\">\n<ul>\n<li>Hydrater la peau<\/li>\n<li>Gu\u00e9rir les plaies<\/li>\n<li>Restaurer l\u2019\u00e9lasticit\u00e9<\/li>\n<li>Prot\u00e9ger du soleil<\/li>\n<li>Retarder l\u2019apparition des rides du visage (vitamine E)<\/li>\n<li>Emp\u00eacher l\u2019apparition des vergetures chez les femmes enceintes<\/li>\n<li>Emp\u00eacher l\u2019apparition de crevasses cutan\u00e9es lors de l\u2019allaitement<\/li>\n<li>Prot\u00e9ger les cheveux et redonner la sant\u00e9 aux cheveux ternes ou cassants<\/li>\n<li>Adoucir les pieds secs et rugueux<\/li>\n<\/ul>\n<\/li>\n<\/ul>\n<p>Il est \u00e9galement b\u00e9n\u00e9fique pour la peau qui ne tol\u00e8re pas les cosm\u00e9tiques \u00e0 base de produits chimiques, la peau extr\u00eamement s\u00e8che, les d\u00e9mangeaisons, \u00e9ruption cutan\u00e9e, ecz\u00e9ma, psoriasis, les allergies cutan\u00e9es, la peau endommag\u00e9e, les probl\u00e8mes du cuir chevelu tel que des d\u00e9mangeaisons, des pellicules et<br \/>\nles piq\u00fbres d\u2019insectes.<\/p>\n<p>Remarque: Il s\u2019agit d\u2019un produit naturel et non transform\u00e9 fabriqu\u00e9 \u00e0 la main sans utiliser de machines sophistiqu\u00e9es. Par cons\u00e9quent, la pr\u00e9sence \u00e9ventuelle de certaines impuret\u00e9s ne peut \u00eatre exclue. Bien que les lots varient dans une certaine mesure, ce produit a g\u00e9n\u00e9ralement un tr\u00e8s fort ar\u00f4me de noisette, piquant et huileux, caract\u00e9ristique d\u2019un beurre de karit\u00e9 pur et naturel du Ghana. Il y aura \u00e9galement diverses incoh\u00e9rences naturelles de couleur, y compris des taches plus sombres et des stries grises. Il est solide \u00e0 temp\u00e9rature ambiante et de consistance plut\u00f4t dure.<\/p>\n","protected":false},"excerpt":{"rendered":"<p>Parfait pour chaque membre de votre foyer, notre beurre de karit\u00e9 organique offre une hydratation, une protection et une r\u00e9g\u00e9n\u00e9ration la peau, de la t\u00eate aux pieds. Ce produit, issu du commerce \u00e9quitable est fabriqu\u00e9 par des coop\u00e9ratives de femmes en Afrique de l\u2019Ouest.<\/p>\n","protected":false},"featured_media":36685,"comment_status":"closed","ping_status":"closed","template":"","meta":{"_acf_changed":false,"_seopress_robots_primary_cat":"none","_seopress_titles_title":"","_seopress_titles_desc":"","_seopress_robots_index":""},"product_brand":[],"product_cat":[204,194],"product_tag":[],"class_list":{"0":"post-1317","1":"product","2":"type-product","3":"status-publish","4":"has-post-thumbnail","6":"product_cat-beurre-karite","7":"product_cat-soins-du-corps","9":"first","10":"instock","11":"taxable","12":"shipping-taxable","13":"purchasable","14":"product-type-variable"},"acf":[],"_links":{"self":[{"href":"https:\/\/www.dusenza.com\/fr\/wp-json\/wp\/v2\/product\/1317","targetHints":{"allow":["GET"]}}],"collection":[{"href":"https:\/\/www.dusenza.com\/fr\/wp-json\/wp\/v2\/product"}],"about":[{"href":"https:\/\/www.dusenza.com\/fr\/wp-json\/wp\/v2\/types\/product"}],"replies":[{"embeddable":true,"href":"https:\/\/www.dusenza.com\/fr\/wp-json\/wp\/v2\/comments?post=1317"}],"wp:featuredmedia":[{"embeddable":true,"href":"https:\/\/www.dusenza.com\/fr\/wp-json\/wp\/v2\/media\/36685"}],"wp:attachment":[{"href":"https:\/\/www.dusenza.com\/fr\/wp-json\/wp\/v2\/media?parent=1317"}],"wp:term":[{"taxonomy":"product_brand","embeddable":true,"href":"https:\/\/www.dusenza.com\/fr\/wp-json\/wp\/v2\/product_brand?post=1317"},{"taxonomy":"product_cat","embeddable":true,"href":"https:\/\/www.dusenza.com\/fr\/wp-json\/wp\/v2\/product_cat?post=1317"},{"taxonomy":"product_tag","embeddable":true,"href":"https:\/\/www.dusenza.com\/fr\/wp-json\/wp\/v2\/product_tag?post=1317"}],"curies":[{"name":"wp","href":"https:\/\/api.w.org\/{rel}","templated":true}]}}