{"id":5361,"date":"2024-05-22T08:23:15","date_gmt":"2024-05-22T12:23:15","guid":{"rendered":"http:\/\/dusenza.com\/terms-of-use\/"},"modified":"2024-05-22T14:28:59","modified_gmt":"2024-05-22T18:28:59","slug":"conditions-utilisation","status":"publish","type":"page","link":"https:\/\/www.dusenza.com\/fr\/conditions-utilisation\/","title":{"rendered":"Conditions d&#8217;utilisation"},"content":{"rendered":"\n<h2 class=\"wp-block-heading\"><strong>VEUILLEZ LIRE ATTENTIVEMENT LES PR\u00c9SENTES CONDITIONS D\u2019UTILISATION AVANT DE PARCOURIR CE SITE.<\/strong><\/h2>\n\n\n\n<p>En utilisant notre site vous acceptez les pr\u00e9sentes Conditions d\u2019utilisation et vous y consentez de fa\u00e7on libre et \u00e9clair\u00e9e. Si vous n\u2019acceptez pas les pr\u00e9sentes Conditions d\u2019utilisation, veuillez ne pas utiliser le Site. Veuillez consulter r\u00e9guli\u00e8rement ces Conditions g\u00e9n\u00e9rales pour toute modification le cas \u00e9ch\u00e9ant. Si vous continuez \u00e0 utiliser le Site apr\u00e8s la publication des modifications apport\u00e9es aux pr\u00e9sentes Conditions d\u2019utilisation c\u2019est que vous acceptez les modifications et vous y consentez de fa\u00e7on libre et \u00e9clair\u00e9e.<\/p>\n\n\n\n<p>Nous ne faisons aucune d\u00e9claration selon laquelle le mat\u00e9riel, les produits ou les services d\u00e9crits sur notre site sont convenables ou disponibles en tout temps.<\/p>\n\n\n\n<h2 class=\"wp-block-heading\"><strong>RESTRICTIONS SUR L\u2019UTILISATION&nbsp;<\/strong><\/h2>\n\n\n\n<p>Le mat\u00e9riel qui appara\u00eet sur notre site ou qui y est accessible ne doit pas \u00eatre utilis\u00e9, redistribu\u00e9, diffus\u00e9, publi\u00e9, copi\u00e9 sur un autre support ni reproduit pour quelconque raison sans notre consentement pr\u00e9alable \u00e9crit. Ce mat\u00e9riel ne doit pas \u00eatre modifi\u00e9 de quelque fa\u00e7on que ce soit, ni d\u00e9form\u00e9 ni utilis\u00e9 d&#8217;une fa\u00e7on pr\u00e9judiciable \u00e0 notre image ou notre r\u00e9putation.<\/p>\n\n\n\n<p>Nous ne faisons aucune d\u00e9claration et ne donne aucune garantie quant au fait que ce mat\u00e9riel ne viole pas les droits de tiers. Aucune disposition des pr\u00e9sentes ne peut \u00eatre interpr\u00e9t\u00e9e comme octroyant, explicitement ou implicitement, une licence ou tout autre droit d&#8217;utiliser le mat\u00e9riel autrement qu&#8217;en conformit\u00e9 avec les conditions \u00e9nonc\u00e9es dans les pr\u00e9sentes.<\/p>\n\n\n\n<p>Vous pouvez t\u00e9l\u00e9charger une copie du mat\u00e9riel sur un seul ordinateur pour votre usage personnel, non commercial, \u00e0 domicile uniquement, \u00e0 condition que vous gardiez intacts tous les droits d\u2019auteur et autres avis de propri\u00e9t\u00e9. Vous ne pouvez pas afficher ou fournir pour affichage des pages de notre dans un autre cadre que pour vous personnellement.&nbsp;<\/p>\n\n\n\n<p>Si vous souhaitez cr\u00e9er un lien vers notre site, veuillez nous contacter pour obtenir notre accord \u00e9crit. Le fait de ne pas obtenir cette approbation au pr\u00e9alable constitue une violation des pr\u00e9sentes Conditions d\u2019utilisation et une atteinte \u00e0 nos droits.<\/p>\n\n\n\n<h2 class=\"wp-block-heading\"><strong>AVERTISSEMENT G\u00c9N\u00c9RAL ET LIMITATION DE RESPONSABILIT\u00c9<\/strong><\/h2>\n\n\n\n<p>Vous acceptez express\u00e9ment que l\u2019utilisation du site se fait \u00e0 vos seuls risques. Notre site web et tous les renseignements y figurant sont fournis \u00abtels quels\u00bb, sans garantie d&#8217;aucune nature, ni expresse ni implicite, y compris, sans s&#8217;y limiter, les garanties implicites de la qualit\u00e9 marchande, de conformit\u00e9 \u00e0 des besoins particuliers ou d&#8217;absence de contrefa\u00e7on. Nous ne serons en aucune circonstance responsable relativement \u00e0 ce site web ou \u00e0 quelque autre site reli\u00e9 \u00e0 l&#8217;\u00e9gard d&#8217;aucune partie pour aucun dommage ou pr\u00e9judice attribuable \u00e0 (y compris, sans s&#8217;y limiter) un d\u00e9faut d&#8217;ex\u00e9cution, une erreur, une omission, ni pour un dommage particulier ou autre dommage cons\u00e9quent, direct ou indirect, y compris, sans s&#8217;y limiter, une perte de b\u00e9n\u00e9fices, une interruption des activit\u00e9s, la perte de programmes ou d&#8217;autres donn\u00e9es contenus dans votre syst\u00e8me de gestion de l&#8217;information ou tenus autrement responsables.&nbsp;<\/p>\n\n\n\n<p>Nous n\u2019effectuons aucun endossement ou repr\u00e9sentation de quelque nature que ce soit concernant les produits, les services, les pratiques commerciales, le contenu ou le caract\u00e8re du contenu de ces sites web, et l\u2019utilisateur renonce irr\u00e9vocablement par les pr\u00e9sentes \u00e0 toute r\u00e9clamation. Nous ne serons pas tenus responsables des dommages, r\u00e9clamations, d\u00e9penses ou autres co\u00fbts d\u00e9coulant de l\u2019utilisation ou de l\u2019incapacit\u00e9 d\u2019utiliser le site ou toute information qu\u2019il contient, ou tout site web hyperli\u00e9. Vous acceptez que votre seul et unique recours consiste \u00e0 cesser d\u2019utiliser le site.<\/p>\n\n\n\n<p>Les informations apparaissant sur notre site le sont \u00e0 des fins \u00e9ducatives seulement et sous forme de r\u00e9sum\u00e9 destin\u00e9 \u00e0 fournir une compr\u00e9hension et une connaissance g\u00e9n\u00e9rale des utilisateurs sur les sujets, produits ou soins de sant\u00e9 nous ne sommes pas responsables toute personne pour toute action ou d\u00e9cision prise sur la base des renseignements contenus dans notre site. Il vous incombe d\u2019examiner et de comprendre toutes les indications sur l\u2019emballage et la notice des produits achet\u00e9s. Les informations fournies sur le site ne sont pas destin\u00e9es \u00e0 remplacer un diagnostic ou un traitement m\u00e9dical professionnel. Vous devez demander l\u2019avis de votre m\u00e9decin ou de votre pharmacien ou de tout autre professionnel avant de commencer un traitement ou en cas de probl\u00e8me de sant\u00e9 ou si vous avez des questions.<\/p>\n\n\n\n<p>Vous ne devez pas utiliser les informations contenues sur ce site pour diagnostiquer, traiter, gu\u00e9rir ou pr\u00e9venir un probl\u00e8me de sant\u00e9 ou prescrire un m\u00e9dicament. Vous devez lire attentivement toutes les informations fournies par les fabricants du produit sur ou dans l\u2019emballage et les \u00e9tiquettes du produit avant d\u2019utiliser tout produit. Consultez toujours votre m\u00e9decin pour obtenir des conseils et un traitement.<\/p>\n\n\n\n<p>Nous ne pouvons pas garantir le stock de tous les produits ou articles d\u00e9crits sur le site Nous nous r\u00e9servons le droit de limiter les quantit\u00e9s et de corriger les erreurs ou les omissions avant de traiter une demande d\u2019achat. Nous ne garantissons pas l\u2019exactitude des sp\u00e9cifications, des prix, des garanties ou de toute autre information sur les produits contenue dans notre site et toute information incluse peut \u00eatre modifi\u00e9e \u00e0 tout moment. Sans limiter la g\u00e9n\u00e9ralit\u00e9 des autres termes et conditions de ce site, nous ne serons pas responsables pour toute erreur ou omission qui pourrait \u00eatre trouv\u00e9e sur notre site ou pour l\u2019indisponibilit\u00e9 de tout produit.<\/p>\n\n\n\n<p>Vous acceptez d\u2019indemniser, de d\u00e9fendre et de d\u00e9gager DuSenza, ses dirigeants, administrateurs, employ\u00e9s, agents, conc\u00e9dants de licence et fournisseurs de toute perte, d\u00e9pense, dommage et co\u00fbt, y compris les honoraires raisonnables d\u2019avocat, r\u00e9sultant de toute violation de ces termes et conditions ou de toute activit\u00e9 (y compris une conduite n\u00e9gligente ou fautive) li\u00e9e \u00e0 votre utilisation du site.<\/p>\n\n\n\n<h2 class=\"wp-block-heading\"><strong>S\u00c9CURIT\u00c9 ET CONFIDENTIALIT\u00c9<\/strong><\/h2>\n\n\n\n<p>Vous devez vous r\u00e9f\u00e9rer \u00e0 la Politique de confidentialit\u00e9 de notre site.&nbsp;<\/p>\n\n\n\n<h2 class=\"wp-block-heading\"><strong>LOI APPLICABLE ET JURIDICTION<\/strong><strong>&nbsp;<\/strong><\/h2>\n\n\n\n<p>Cette entente de Conditions d\u2019utilisation est r\u00e9gie conform\u00e9ment aux lois de la province de Qu\u00e9bec sans donner effet \u00e0 quelque principe relatif au conflit de lois. Les parties d\u00e9signent le district de Terrebonne, Province de Qu\u00e9bec, comme \u00e9tant le district comp\u00e9tent relativement \u00e0 tout litige qui pourrait survenir en lien avec les pr\u00e9sentes. Advenant qu&#8217;une disposition quelconque de la pr\u00e9sente entente soit contraire \u00e0 la loi, nulle ou non ex\u00e9cutoire pour quelque motif, ladite disposition sera r\u00e9put\u00e9e divisible de cette entente et n&#8217;aura pas d&#8217;incidence sur la validit\u00e9 ou le caract\u00e8re ex\u00e9cutoire des autres dispositions.&nbsp;<\/p>\n\n\n\n<h2 class=\"wp-block-heading\"><strong>CONDITIONS DE VENTE \/ REFUS ET ANNULATION DES COMMANDES<\/strong><\/h2>\n\n\n\n<p>De fa\u00e7on discr\u00e9tionnaire, nous nous r\u00e9servons le droit de refuser et d\u2019annuler des commandes et toute vente \u00e0 tout moment apr\u00e8s leur placement, pour quelque raison que ce soit. Le cas \u00e9ch\u00e9ant&nbsp; serez inform\u00e9 par courriel.<\/p>\n\n\n\n<p>En aucun temps nous ne tol\u00e8rerons un langage ou un comportement abusif ou inappropri\u00e9. Advenant un comportement abusif, inappropri\u00e9 ou agressif, nous nous permettons discr\u00e9tionnairement de mettre fin \u00e0 tout appel t\u00e9l\u00e9phonique \u00e0 toute correspondance que ce soit par courriel ou clavardage et\/ou de r\u00e9silier le compte.<\/p>\n\n\n\n<h2 class=\"wp-block-heading\"><strong>VOTRE CONFIRMATION&nbsp;<\/strong><\/h2>\n\n\n\n<p>En nous soumettant tout contenu, vous garantissez que :<\/p>\n\n\n\n<ul class=\"wp-block-list\">\n<li>Vous \u00eates le seul auteur et propri\u00e9taire des droits de propri\u00e9t\u00e9 intellectuelle du contenu que vous soumettez, y compris les photos ou vid\u00e9os que vous d\u00e9cidez d&#8217;ajouter \u00e0 vos \u00e9valuations et avis ;<\/li>\n\n\n\n<li>Vous avez renonc\u00e9 volontairement \u00e0 tous les \u00ab droits moraux \u00bb que vous pourriez avoir dans ce contenu ;<\/li>\n\n\n\n<li>Tout le contenu que vous publiez est exact ;<\/li>\n\n\n\n<li>Vous \u00eates r\u00e9sident d&#8217;une province ou d&#8217;un territoire du Canada ;<\/li>\n\n\n\n<li>Vous avez au moins 18 ans ;<\/li>\n\n\n\n<li>L&#8217;utilisation du contenu que vous fournissez n&#8217;enfreint pas les pr\u00e9sentes conditions d&#8217;utilisation et n&#8217;affectera aucune personne ou entit\u00e9.<\/li>\n<\/ul>\n\n\n\n<p>Vous convenez \u00e9galement que vous ne pouvez pas soumettre de contenu :<\/p>\n\n\n\n<ul class=\"wp-block-list\">\n<li>Ce que vous savez \u00eatre faux, inexact ou trompeur ;<\/li>\n\n\n\n<li>Qui enfreint les droits d&#8217;auteur, les brevets, les marques de commerce, les secrets commerciaux ou autres droits de propri\u00e9t\u00e9 ou droits de publicit\u00e9 ou de confidentialit\u00e9 d&#8217;un tiers ;<\/li>\n\n\n\n<li>Qui enfreint toute loi, ordonnance, ordonnance ou r\u00e9glementation ;<\/li>\n\n\n\n<li>Qui est, ou peut raisonnablement \u00eatre consid\u00e9r\u00e9 comme diffamatoire, calomnieux, haineux, raciste ou religieux ou offensant, mena\u00e7ant ou harcelant de mani\u00e8re ill\u00e9gale pour tout individu, partenariat ou soci\u00e9t\u00e9 ; pour lequel vous avez re\u00e7u une compensation ou une contrepartie de la part d&#8217;un tiers non approuv\u00e9 &#8211; incluant toute information faisant r\u00e9f\u00e9rence \u00e0 d&#8217;autres sites Web, adresses, courriels, coordonn\u00e9es ou num\u00e9ros de t\u00e9l\u00e9phone ; qui contient des virus informatiques, vers ou autres programmes ou fichiers informatiques potentiellement dommageables.<\/li>\n<\/ul>\n\n\n\n<p>Vous acceptez de nous indemniser et de nous d\u00e9gager de toute responsabilit\u00e9 quelle qu&#8217;elle soit en plus de prendre fait et cause pour nous de toute action \u00e9tant dirig\u00e9e \u00e0 notre rencontre par votre faute. Vous vous engagez \u00e9galement \u00e0 payer l&#8217;ensemble des frais et honoraires qui d\u00e9coulent de toute probl\u00e9matique que vous avez caus\u00e9e. Cet engagement est \u00e9galement pris en faveur de tous nos commettants ou nos ayants droits ou ayants cause.&nbsp;<\/p>\n\n\n\n<p>Sous r\u00e9serve et conform\u00e9ment \u00e0 la politique de confidentialit\u00e9, et \u00e0 notre enti\u00e8re discr\u00e9tion, tous les contenus que vous soumettez peuvent \u00eatre utilis\u00e9s \u00e0 notre seule discr\u00e9tion et nous nous r\u00e9servons le droit de modifier, condenser, retenir la publication, ou supprimer tout contenu sur notre site Web.&nbsp;<\/p>\n","protected":false},"excerpt":{"rendered":"<p>VEUILLEZ LIRE ATTENTIVEMENT LES PR\u00c9SENTES CONDITIONS D\u2019UTILISATION AVANT DE PARCOURIR CE SITE. En utilisant notre site vous acceptez les pr\u00e9sentes Conditions d\u2019utilisation et vous y consentez de fa\u00e7on libre et \u00e9clair\u00e9e. Si vous n\u2019acceptez pas les pr\u00e9sentes Conditions d\u2019utilisation, veuillez ne pas utiliser le Site. Veuillez consulter r\u00e9guli\u00e8rement ces Conditions g\u00e9n\u00e9rales pour toute modification le [&hellip;]<\/p>\n","protected":false},"author":473,"featured_media":0,"parent":0,"menu_order":0,"comment_status":"closed","ping_status":"closed","template":"","meta":{"_acf_changed":false,"_seopress_robots_primary_cat":"","_seopress_titles_title":"","_seopress_titles_desc":"","_seopress_robots_index":"","footnotes":""},"class_list":["post-5361","page","type-page","status-publish","hentry"],"acf":[],"_links":{"self":[{"href":"https:\/\/www.dusenza.com\/fr\/wp-json\/wp\/v2\/pages\/5361","targetHints":{"allow":["GET"]}}],"collection":[{"href":"https:\/\/www.dusenza.com\/fr\/wp-json\/wp\/v2\/pages"}],"about":[{"href":"https:\/\/www.dusenza.com\/fr\/wp-json\/wp\/v2\/types\/page"}],"author":[{"embeddable":true,"href":"https:\/\/www.dusenza.com\/fr\/wp-json\/wp\/v2\/users\/473"}],"replies":[{"embeddable":true,"href":"https:\/\/www.dusenza.com\/fr\/wp-json\/wp\/v2\/comments?post=5361"}],"version-history":[{"count":1,"href":"https:\/\/www.dusenza.com\/fr\/wp-json\/wp\/v2\/pages\/5361\/revisions"}],"predecessor-version":[{"id":5363,"href":"https:\/\/www.dusenza.com\/fr\/wp-json\/wp\/v2\/pages\/5361\/revisions\/5363"}],"wp:attachment":[{"href":"https:\/\/www.dusenza.com\/fr\/wp-json\/wp\/v2\/media?parent=5361"}],"curies":[{"name":"wp","href":"https:\/\/api.w.org\/{rel}","templated":true}]}}