{"id":5277,"date":"2015-09-18T05:01:16","date_gmt":"2015-09-18T04:01:16","guid":{"rendered":"http:\/\/dusenza.com\/accueil\/"},"modified":"2026-05-11T06:54:08","modified_gmt":"2026-05-11T10:54:08","slug":"accueil","status":"publish","type":"page","link":"https:\/\/www.dusenza.com\/fr\/","title":{"rendered":"Accueil"},"content":{"rendered":"","protected":false},"excerpt":{"rendered":"","protected":false},"author":472,"featured_media":0,"parent":0,"menu_order":0,"comment_status":"closed","ping_status":"closed","template":"","meta":{"_acf_changed":false,"_seopress_robots_primary_cat":"","_seopress_titles_title":"DuSenza %%sep%% Aromath\u00e9rapie et produits naturels","_seopress_titles_desc":"D\u00e9couvrez nos produits naturels formul\u00e9s \u00e0 partir d'ingr\u00e9dients uniques! Huiles essentielles, fragrances et produits de soins corporels pour vous et votre animal.","_seopress_robots_index":"","footnotes":""},"class_list":["post-5277","page","type-page","status-publish","hentry"],"acf":[],"_links":{"self":[{"href":"https:\/\/www.dusenza.com\/fr\/wp-json\/wp\/v2\/pages\/5277","targetHints":{"allow":["GET"]}}],"collection":[{"href":"https:\/\/www.dusenza.com\/fr\/wp-json\/wp\/v2\/pages"}],"about":[{"href":"https:\/\/www.dusenza.com\/fr\/wp-json\/wp\/v2\/types\/page"}],"author":[{"embeddable":true,"href":"https:\/\/www.dusenza.com\/fr\/wp-json\/wp\/v2\/users\/472"}],"replies":[{"embeddable":true,"href":"https:\/\/www.dusenza.com\/fr\/wp-json\/wp\/v2\/comments?post=5277"}],"version-history":[{"count":9,"href":"https:\/\/www.dusenza.com\/fr\/wp-json\/wp\/v2\/pages\/5277\/revisions"}],"predecessor-version":[{"id":116378,"href":"https:\/\/www.dusenza.com\/fr\/wp-json\/wp\/v2\/pages\/5277\/revisions\/116378"}],"wp:attachment":[{"href":"https:\/\/www.dusenza.com\/fr\/wp-json\/wp\/v2\/media?parent=5277"}],"curies":[{"name":"wp","href":"https:\/\/api.w.org\/{rel}","templated":true}]}}