{"id":1167,"date":"2017-10-31T15:14:35","date_gmt":"2017-10-31T19:14:35","guid":{"rendered":"http:\/\/dusenza.com\/?page_id=1167"},"modified":"2022-07-19T09:35:10","modified_gmt":"2022-07-19T13:35:10","slug":"confirmation-de-commande","status":"publish","type":"page","link":"https:\/\/www.dusenza.com\/fr\/confirmation-de-commande\/","title":{"rendered":"Confirmation de commande"},"content":{"rendered":"<p>Merci pour votre paiement.\u00a0 La transaction a \u00e9t\u00e9 complet\u00e9e avec succ\u00e8s et une confirmation de commande vous sera envoy\u00e9e par courriel.\u00a0 Il vous est aussi possible de vous connecter directement \u00e0 votre compte PayPal pour voir la transaction. (www.paypal.com)<\/p>\n<hr \/>\n<p>Thank you for your payment.\u00a0 Your transaction has been successfully completed, and a receipt for your purchase has been emailed to you.\u00a0 You may log into your account at www.paypal.com to view the details of this transaction.<\/p>\n","protected":false},"excerpt":{"rendered":"<p>Merci pour votre paiement.\u00a0 La transaction a \u00e9t\u00e9 complet\u00e9e avec succ\u00e8s et une confirmation de commande vous sera envoy\u00e9e par courriel.\u00a0 Il vous est aussi possible de vous connecter directement \u00e0 votre compte PayPal pour voir la transaction. (www.paypal.com) Thank you for your payment.\u00a0 Your transaction has been successfully completed, and a receipt for your [&hellip;]<\/p>\n","protected":false},"author":472,"featured_media":0,"parent":0,"menu_order":0,"comment_status":"closed","ping_status":"closed","template":"","meta":{"_acf_changed":false,"_seopress_robots_primary_cat":"","_seopress_titles_title":"","_seopress_titles_desc":"","_seopress_robots_index":"yes","footnotes":""},"class_list":["post-1167","page","type-page","status-publish","hentry"],"acf":[],"_links":{"self":[{"href":"https:\/\/www.dusenza.com\/fr\/wp-json\/wp\/v2\/pages\/1167","targetHints":{"allow":["GET"]}}],"collection":[{"href":"https:\/\/www.dusenza.com\/fr\/wp-json\/wp\/v2\/pages"}],"about":[{"href":"https:\/\/www.dusenza.com\/fr\/wp-json\/wp\/v2\/types\/page"}],"author":[{"embeddable":true,"href":"https:\/\/www.dusenza.com\/fr\/wp-json\/wp\/v2\/users\/472"}],"replies":[{"embeddable":true,"href":"https:\/\/www.dusenza.com\/fr\/wp-json\/wp\/v2\/comments?post=1167"}],"version-history":[{"count":0,"href":"https:\/\/www.dusenza.com\/fr\/wp-json\/wp\/v2\/pages\/1167\/revisions"}],"wp:attachment":[{"href":"https:\/\/www.dusenza.com\/fr\/wp-json\/wp\/v2\/media?parent=1167"}],"curies":[{"name":"wp","href":"https:\/\/api.w.org\/{rel}","templated":true}]}}